{"id":2260,"date":"2014-07-31T02:15:52","date_gmt":"2014-07-31T02:15:52","guid":{"rendered":"http:\/\/videotube.marstheme.com\/?page_id=2260"},"modified":"2024-07-15T09:59:27","modified_gmt":"2024-07-15T09:59:27","slug":"layout-with-4-columns-and-featured-widget","status":"publish","type":"page","link":"https:\/\/webtv.univ-oran1.dz\/?page_id=2260","title":{"rendered":"VIE DE L\u2019UNIVERSITE"},"content":{"rendered":"<p>[vc_row][vc_column][\/vc_column][\/vc_row][vc_row][vc_column][\/vc_column][\/vc_row][vc_row][vc_column]<div class=\"widget widget-shortcode widget-builder\"><div class=\"widget-content\">\t\t\t\t\t\t<header class=\"section-header\">\n                        \t<h4 class=\"widget-title\">\n                        \t\t                        \t\tLatest Videos                        \t<\/h4>\n\t\t\t\t\t\t<\/header>\n\t\t\t\t\t\t<div class=\"clearfix\"><\/div>\n\t\t\t\t\t\t\t\t\t<div class=\"video-section\">\n\t\t\t\t\t<div id=\"video-widget-1714\" class=\"row row-5 columns-4 \"> \n\t\t\t\t\t\t\t\t\t\t\t\t\t<div class=\"col-xl-3 col-lg-3 col-md-6 col-12 item responsive-height post\">\n\t\t\t\t\t\t\t\t<article class=\"post-4398 video type-video status-publish format-standard has-post-thumbnail hentry categories-actualite categories-clubs-scientifiques categories-vie-de-luniversite\">\n\t\t\t\t\t\t\t\t\t<div class=\"item-img\">\n\t                                \t<a href=\"https:\/\/webtv.univ-oran1.dz\/?video=pharmex-%d9%81%d8%b9%d8%a7%d9%84%d9%8a%d8%a7%d8%aa-%d8%a7%d9%84%d8%b5%d8%a7%d9%84%d9%88%d9%86-%d8%a7%d9%84%d8%af%d9%88%d9%84%d9%8a-%d9%84%d9%84%d8%b5%d9%8a%d8%af%d9%84%d8%a9-%d9%88%d8%a7%d9%84\">\n\t\t\t\t\t\t\t\t\t\t\t<img width=\"360\" height=\"240\" src=\"https:\/\/webtv.univ-oran1.dz\/wp-content\/uploads\/2025\/10\/Salon-Pharmex-2025-a-Oran-360x240.jpg\" class=\"img-responsive wp-post-image\" alt=\"\" loading=\"lazy\" srcset=\"https:\/\/webtv.univ-oran1.dz\/wp-content\/uploads\/2025\/10\/Salon-Pharmex-2025-a-Oran-360x240.jpg 360w, https:\/\/webtv.univ-oran1.dz\/wp-content\/uploads\/2025\/10\/Salon-Pharmex-2025-a-Oran-295x197.jpg 295w\" sizes=\"(max-width: 360px) 100vw, 360px\" \/>\t                                \t<\/a>\t\t\t\t\t\t\t\t\t\n\t\t\t\t\t\t\t\t\t\t\t\t\t\t\t\t\t\t\t\t<a href=\"https:\/\/webtv.univ-oran1.dz\/?video=pharmex-%d9%81%d8%b9%d8%a7%d9%84%d9%8a%d8%a7%d8%aa-%d8%a7%d9%84%d8%b5%d8%a7%d9%84%d9%88%d9%86-%d8%a7%d9%84%d8%af%d9%88%d9%84%d9%8a-%d9%84%d9%84%d8%b5%d9%8a%d8%af%d9%84%d8%a9-%d9%88%d8%a7%d9%84\"><div class=\"img-hover\"><\/div><\/a>\n\t\t\t\t\t\t\t\t\t<\/div>\n\t\t\t\t\t\t\t\t\t<div class=\"post-header\">\n\t\t\t\t\t\t\t\t\t\t<h3 class=\"post-title h2\"><a href=\"https:\/\/webtv.univ-oran1.dz\/?video=pharmex-%d9%81%d8%b9%d8%a7%d9%84%d9%8a%d8%a7%d8%aa-%d8%a7%d9%84%d8%b5%d8%a7%d9%84%d9%88%d9%86-%d8%a7%d9%84%d8%af%d9%88%d9%84%d9%8a-%d9%84%d9%84%d8%b5%d9%8a%d8%af%d9%84%d8%a9-%d9%88%d8%a7%d9%84\">PHARMEX  &#8211; \u0641\u0639\u0627\u0644\u064a\u0627\u062a \u0627\u0644\u0635\u0627\u0644\u0648\u0646 \u0627\u0644\u062f\u0648\u0644\u064a \u0644\u0644\u0635\u064a\u062f\u0644\u0629 \u0648\u0627\u0644\u0635\u0646\u0627\u0639\u0627\u062a \u0627\u0644\u062f\u0648\u0627\u0626\u064a\u0629<\/a><\/h3>\n\t\t\t\t\t\t\t\t\t\t\t\t\t\t\t\t\t\t\t\t\t\r\n\t\t\t<div class=\"meta\"><span class=\"date\">6 months ago<\/span><span class=\"views\"><i class=\"fa fa-eye\"><\/i>180<\/span><span class=\"heart\"><i class=\"fa fa-thumbs-up\"><\/i>0<\/span>\r\n\t\t\t\t\t<span class=\"fcomments\"><i class=\"fa fa-comments\"><\/i>0<\/span>\r\n\t\t\t\t\r\n\t\t\t<\/div>\r\n\t\t\t\t\t\t\t\t\t\t\t\t\t\t\t\t\t\t\t\t\t\t\n\t\t\t\t\t\t\t\t\t\t\t\t\t\t\t\t\t\t\t<\/div>\n\t\t\t\t\t\t\t\t<\/article>\n\t\t\t\t\t\t\t<\/div>\n\t\t\t\t\t\t\t\t\t\t\t\t\t<div class=\"col-xl-3 col-lg-3 col-md-6 col-12 item responsive-height post\">\n\t\t\t\t\t\t\t\t<article class=\"post-4320 video type-video status-publish format-standard has-post-thumbnail hentry categories-actualite categories-conference categories-vie-de-luniversite\">\n\t\t\t\t\t\t\t\t\t<div class=\"item-img\">\n\t                                \t<a href=\"https:\/\/webtv.univ-oran1.dz\/?video=salon-simem-09-au-12-avril-2025-au-meridien\">\n\t\t\t\t\t\t\t\t\t\t\t<img width=\"299\" height=\"168\" src=\"https:\/\/webtv.univ-oran1.dz\/wp-content\/uploads\/2025\/04\/Salon_SIMEM9-13-2025.png\" class=\"img-responsive wp-post-image\" alt=\"\" loading=\"lazy\" \/>\t                                \t<\/a>\t\t\t\t\t\t\t\t\t\n\t\t\t\t\t\t\t\t\t\t\t\t\t\t\t\t\t\t\t\t<a href=\"https:\/\/webtv.univ-oran1.dz\/?video=salon-simem-09-au-12-avril-2025-au-meridien\"><div class=\"img-hover\"><\/div><\/a>\n\t\t\t\t\t\t\t\t\t<\/div>\n\t\t\t\t\t\t\t\t\t<div class=\"post-header\">\n\t\t\t\t\t\t\t\t\t\t<h3 class=\"post-title h2\"><a href=\"https:\/\/webtv.univ-oran1.dz\/?video=salon-simem-09-au-12-avril-2025-au-meridien\">Salon SIMEM  09 au 12 avril 2025 au M\u00e9ridien.<\/a><\/h3>\n\t\t\t\t\t\t\t\t\t\t\t\t\t\t\t\t\t\t\t\t\t\r\n\t\t\t<div class=\"meta\"><span class=\"date\">12 months ago<\/span><span class=\"views\"><i class=\"fa fa-eye\"><\/i>389<\/span><span class=\"heart\"><i class=\"fa fa-thumbs-up\"><\/i>0<\/span>\r\n\t\t\t\t\t<span class=\"fcomments\"><i class=\"fa fa-comments\"><\/i>0<\/span>\r\n\t\t\t\t\r\n\t\t\t<\/div>\r\n\t\t\t\t\t\t\t\t\t\t\t\t\t\t\t\t\t\t\t\t\t\t\n\t\t\t\t\t\t\t\t\t\t\t\t\t\t\t\t\t\t\t<\/div>\n\t\t\t\t\t\t\t\t<\/article>\n\t\t\t\t\t\t\t<\/div>\n\t\t\t\t\t\t\t\t\t\t\t\t\t<div class=\"col-xl-3 col-lg-3 col-md-6 col-12 item responsive-height post\">\n\t\t\t\t\t\t\t\t<article class=\"post-4298 video type-video status-publish format-standard has-post-thumbnail hentry categories-actualite categories-clubs-scientifiques categories-vie-de-luniversite\">\n\t\t\t\t\t\t\t\t\t<div class=\"item-img\">\n\t                                \t<a href=\"https:\/\/webtv.univ-oran1.dz\/?video=%d9%85%d8%b9%d9%87%d8%af-%d8%a7%d9%84%d8%a7%d8%ac%d8%b1%d8%a7%d9%85-%d9%88%d9%87%d8%b1%d8%a7%d9%86-2\">\n\t\t\t\t\t\t\t\t\t\t\t<img width=\"360\" height=\"240\" src=\"https:\/\/webtv.univ-oran1.dz\/wp-content\/uploads\/2025\/02\/IC-360x240.png\" class=\"img-responsive wp-post-image\" alt=\"\" loading=\"lazy\" srcset=\"https:\/\/webtv.univ-oran1.dz\/wp-content\/uploads\/2025\/02\/IC-360x240.png 360w, https:\/\/webtv.univ-oran1.dz\/wp-content\/uploads\/2025\/02\/IC-295x197.png 295w\" sizes=\"(max-width: 360px) 100vw, 360px\" \/>\t                                \t<\/a>\t\t\t\t\t\t\t\t\t\n\t\t\t\t\t\t\t\t\t\t\t\t\t\t\t\t\t\t\t\t<a href=\"https:\/\/webtv.univ-oran1.dz\/?video=%d9%85%d8%b9%d9%87%d8%af-%d8%a7%d9%84%d8%a7%d8%ac%d8%b1%d8%a7%d9%85-%d9%88%d9%87%d8%b1%d8%a7%d9%86-2\"><div class=\"img-hover\"><\/div><\/a>\n\t\t\t\t\t\t\t\t\t<\/div>\n\t\t\t\t\t\t\t\t\t<div class=\"post-header\">\n\t\t\t\t\t\t\t\t\t\t<h3 class=\"post-title h2\"><a href=\"https:\/\/webtv.univ-oran1.dz\/?video=%d9%85%d8%b9%d9%87%d8%af-%d8%a7%d9%84%d8%a7%d8%ac%d8%b1%d8%a7%d9%85-%d9%88%d9%87%d8%b1%d8%a7%d9%86-2\">\u0645\u0639\u0647\u062f \u0627\u0644\u0627\u062c\u0631\u0627\u0645 \u0648\u0647\u0631\u0627\u0646<\/a><\/h3>\n\t\t\t\t\t\t\t\t\t\t\t\t\t\t\t\t\t\t\t\t\t\r\n\t\t\t<div class=\"meta\"><span class=\"date\">1 year ago<\/span><span class=\"views\"><i class=\"fa fa-eye\"><\/i>432<\/span><span class=\"heart\"><i class=\"fa fa-thumbs-up\"><\/i>0<\/span>\r\n\t\t\t\t\t<span class=\"fcomments\"><i class=\"fa fa-comments\"><\/i>0<\/span>\r\n\t\t\t\t\r\n\t\t\t<\/div>\r\n\t\t\t\t\t\t\t\t\t\t\t\t\t\t\t\t\t\t\t\t\t\t\n\t\t\t\t\t\t\t\t\t\t\t\t\t\t\t\t\t\t\t<\/div>\n\t\t\t\t\t\t\t\t<\/article>\n\t\t\t\t\t\t\t<\/div>\n\t\t\t\t\t\t\t\t\t\t\t\t\t<div class=\"col-xl-3 col-lg-3 col-md-6 col-12 item responsive-height post\">\n\t\t\t\t\t\t\t\t<article class=\"post-4295 video type-video status-publish format-standard has-post-thumbnail hentry categories-actualite categories-clubs-scientifiques categories-vie-de-luniversite\">\n\t\t\t\t\t\t\t\t\t<div class=\"item-img\">\n\t                                \t<a href=\"https:\/\/webtv.univ-oran1.dz\/?video=salon-international-de-la-transition-energetique-et-photovoltaique-sitep\">\n\t\t\t\t\t\t\t\t\t\t\t<img width=\"360\" height=\"240\" src=\"https:\/\/webtv.univ-oran1.dz\/wp-content\/uploads\/2025\/02\/SITEP-360x240.jpg\" class=\"img-responsive wp-post-image\" alt=\"\" loading=\"lazy\" srcset=\"https:\/\/webtv.univ-oran1.dz\/wp-content\/uploads\/2025\/02\/SITEP-360x240.jpg 360w, https:\/\/webtv.univ-oran1.dz\/wp-content\/uploads\/2025\/02\/SITEP-295x197.jpg 295w\" sizes=\"(max-width: 360px) 100vw, 360px\" \/>\t                                \t<\/a>\t\t\t\t\t\t\t\t\t\n\t\t\t\t\t\t\t\t\t\t\t\t\t\t\t\t\t\t\t\t<a href=\"https:\/\/webtv.univ-oran1.dz\/?video=salon-international-de-la-transition-energetique-et-photovoltaique-sitep\"><div class=\"img-hover\"><\/div><\/a>\n\t\t\t\t\t\t\t\t\t<\/div>\n\t\t\t\t\t\t\t\t\t<div class=\"post-header\">\n\t\t\t\t\t\t\t\t\t\t<h3 class=\"post-title h2\"><a href=\"https:\/\/webtv.univ-oran1.dz\/?video=salon-international-de-la-transition-energetique-et-photovoltaique-sitep\">Salon international de la Transition \u00c9nerg\u00e9tique et Photovolta\u00efque (SITEP)<\/a><\/h3>\n\t\t\t\t\t\t\t\t\t\t\t\t\t\t\t\t\t\t\t\t\t\r\n\t\t\t<div class=\"meta\"><span class=\"date\">1 year ago<\/span><span class=\"views\"><i class=\"fa fa-eye\"><\/i>415<\/span><span class=\"heart\"><i class=\"fa fa-thumbs-up\"><\/i>0<\/span>\r\n\t\t\t\t\t<span class=\"fcomments\"><i class=\"fa fa-comments\"><\/i>0<\/span>\r\n\t\t\t\t\r\n\t\t\t<\/div>\r\n\t\t\t\t\t\t\t\t\t\t\t\t\t\t\t\t\t\t\t\t\t\t\n\t\t\t\t\t\t\t\t\t\t\t\t\t\t\t\t\t\t\t<\/div>\n\t\t\t\t\t\t\t\t<\/article>\n\t\t\t\t\t\t\t<\/div>\n\t\t\t\t\t\t\t\t\t\t\t\t\t<div class=\"col-xl-3 col-lg-3 col-md-6 col-12 item responsive-height post\">\n\t\t\t\t\t\t\t\t<article class=\"post-4292 video type-video status-publish format-standard has-post-thumbnail hentry categories-actualite categories-clubs-scientifiques categories-conference categories-vie-de-luniversite\">\n\t\t\t\t\t\t\t\t\t<div class=\"item-img\">\n\t                                \t<a href=\"https:\/\/webtv.univ-oran1.dz\/?video=%d8%ae%d8%b1%d8%ac%d8%a9-%d9%85%d9%8a%d8%af%d8%a7%d9%86%d9%8a%d8%a9-%d9%84%d9%85%d8%aa%d8%ad%d9%81-%d8%a7%d9%84%d9%85%d8%ac%d8%a7%d9%87%d8%af%d9%8a%d9%86-%d9%84%d9%88%d9%84%d8%a7%d9%8a%d8%a9-%d9%88\">\n\t\t\t\t\t\t\t\t\t\t\t<img width=\"360\" height=\"240\" src=\"https:\/\/webtv.univ-oran1.dz\/wp-content\/uploads\/2025\/02\/\u062e\u0631\u062c\u0629-\u0645\u064a\u062f\u0627\u0646\u064a\u0629-\u0644\u0645\u062a\u062d\u0641-\u0627\u0644\u0645\u062c\u0627\u0647\u062f\u064a\u0646-\u0644\u0648\u0644\u0627\u064a\u0629-\u0648\u0647\u0631\u0627\u0646-360x240.jpg\" class=\"img-responsive wp-post-image\" alt=\"\" loading=\"lazy\" srcset=\"https:\/\/webtv.univ-oran1.dz\/wp-content\/uploads\/2025\/02\/\u062e\u0631\u062c\u0629-\u0645\u064a\u062f\u0627\u0646\u064a\u0629-\u0644\u0645\u062a\u062d\u0641-\u0627\u0644\u0645\u062c\u0627\u0647\u062f\u064a\u0646-\u0644\u0648\u0644\u0627\u064a\u0629-\u0648\u0647\u0631\u0627\u0646-360x240.jpg 360w, https:\/\/webtv.univ-oran1.dz\/wp-content\/uploads\/2025\/02\/\u062e\u0631\u062c\u0629-\u0645\u064a\u062f\u0627\u0646\u064a\u0629-\u0644\u0645\u062a\u062d\u0641-\u0627\u0644\u0645\u062c\u0627\u0647\u062f\u064a\u0646-\u0644\u0648\u0644\u0627\u064a\u0629-\u0648\u0647\u0631\u0627\u0646-295x197.jpg 295w\" sizes=\"(max-width: 360px) 100vw, 360px\" \/>\t                                \t<\/a>\t\t\t\t\t\t\t\t\t\n\t\t\t\t\t\t\t\t\t\t\t\t\t\t\t\t\t\t\t\t<a href=\"https:\/\/webtv.univ-oran1.dz\/?video=%d8%ae%d8%b1%d8%ac%d8%a9-%d9%85%d9%8a%d8%af%d8%a7%d9%86%d9%8a%d8%a9-%d9%84%d9%85%d8%aa%d8%ad%d9%81-%d8%a7%d9%84%d9%85%d8%ac%d8%a7%d9%87%d8%af%d9%8a%d9%86-%d9%84%d9%88%d9%84%d8%a7%d9%8a%d8%a9-%d9%88\"><div class=\"img-hover\"><\/div><\/a>\n\t\t\t\t\t\t\t\t\t<\/div>\n\t\t\t\t\t\t\t\t\t<div class=\"post-header\">\n\t\t\t\t\t\t\t\t\t\t<h3 class=\"post-title h2\"><a href=\"https:\/\/webtv.univ-oran1.dz\/?video=%d8%ae%d8%b1%d8%ac%d8%a9-%d9%85%d9%8a%d8%af%d8%a7%d9%86%d9%8a%d8%a9-%d9%84%d9%85%d8%aa%d8%ad%d9%81-%d8%a7%d9%84%d9%85%d8%ac%d8%a7%d9%87%d8%af%d9%8a%d9%86-%d9%84%d9%88%d9%84%d8%a7%d9%8a%d8%a9-%d9%88\">\u062e\u0631\u062c\u0629 \u0645\u064a\u062f\u0627\u0646\u064a\u0629 \u0644\u0645\u062a\u062d\u0641 \u0627\u0644\u0645\u062c\u0627\u0647\u062f\u064a\u0646 \u0644\u0648\u0644\u0627\u064a\u0629 \u0648\u0647\u0631\u0627\u0646<\/a><\/h3>\n\t\t\t\t\t\t\t\t\t\t\t\t\t\t\t\t\t\t\t\t\t\r\n\t\t\t<div class=\"meta\"><span class=\"date\">1 year ago<\/span><span class=\"views\"><i class=\"fa fa-eye\"><\/i>383<\/span><span class=\"heart\"><i class=\"fa fa-thumbs-up\"><\/i>0<\/span>\r\n\t\t\t\t\t<span class=\"fcomments\"><i class=\"fa fa-comments\"><\/i>0<\/span>\r\n\t\t\t\t\r\n\t\t\t<\/div>\r\n\t\t\t\t\t\t\t\t\t\t\t\t\t\t\t\t\t\t\t\t\t\t\n\t\t\t\t\t\t\t\t\t\t\t\t\t\t\t\t\t\t\t<\/div>\n\t\t\t\t\t\t\t\t<\/article>\n\t\t\t\t\t\t\t<\/div>\n\t\t\t\t\t\t\t\t\t\t\t\t\t<div class=\"col-xl-3 col-lg-3 col-md-6 col-12 item responsive-height post\">\n\t\t\t\t\t\t\t\t<article class=\"post-4278 video type-video status-publish format-standard has-post-thumbnail hentry categories-actualite categories-formation categories-vie-de-luniversite\">\n\t\t\t\t\t\t\t\t\t<div class=\"item-img\">\n\t                                \t<a href=\"https:\/\/webtv.univ-oran1.dz\/?video=ai-with-numpy\">\n\t\t\t\t\t\t\t\t\t\t\t<img width=\"360\" height=\"240\" src=\"https:\/\/webtv.univ-oran1.dz\/wp-content\/uploads\/2025\/01\/photo2_formation27-1-25-360x240.jpg\" class=\"img-responsive wp-post-image\" alt=\"\" loading=\"lazy\" srcset=\"https:\/\/webtv.univ-oran1.dz\/wp-content\/uploads\/2025\/01\/photo2_formation27-1-25-360x240.jpg 360w, https:\/\/webtv.univ-oran1.dz\/wp-content\/uploads\/2025\/01\/photo2_formation27-1-25-295x197.jpg 295w\" sizes=\"(max-width: 360px) 100vw, 360px\" \/>\t                                \t<\/a>\t\t\t\t\t\t\t\t\t\n\t\t\t\t\t\t\t\t\t\t\t\t\t\t\t\t\t\t\t\t<a href=\"https:\/\/webtv.univ-oran1.dz\/?video=ai-with-numpy\"><div class=\"img-hover\"><\/div><\/a>\n\t\t\t\t\t\t\t\t\t<\/div>\n\t\t\t\t\t\t\t\t\t<div class=\"post-header\">\n\t\t\t\t\t\t\t\t\t\t<h3 class=\"post-title h2\"><a href=\"https:\/\/webtv.univ-oran1.dz\/?video=ai-with-numpy\">AI with Numpy<\/a><\/h3>\n\t\t\t\t\t\t\t\t\t\t\t\t\t\t\t\t\t\t\t\t\t\r\n\t\t\t<div class=\"meta\"><span class=\"date\">1 year ago<\/span><span class=\"views\"><i class=\"fa fa-eye\"><\/i>437<\/span><span class=\"heart\"><i class=\"fa fa-thumbs-up\"><\/i>0<\/span>\r\n\t\t\t\t\t<span class=\"fcomments\"><i class=\"fa fa-comments\"><\/i>0<\/span>\r\n\t\t\t\t\r\n\t\t\t<\/div>\r\n\t\t\t\t\t\t\t\t\t\t\t\t\t\t\t\t\t\t\t\t\t\t\n\t\t\t\t\t\t\t\t\t\t\t\t\t\t\t\t\t\t\t<\/div>\n\t\t\t\t\t\t\t\t<\/article>\n\t\t\t\t\t\t\t<\/div>\n\t\t\t\t\t\t\t\t\t\t\t\t\t<div class=\"col-xl-3 col-lg-3 col-md-6 col-12 item responsive-height post\">\n\t\t\t\t\t\t\t\t<article class=\"post-4275 video type-video status-publish format-standard has-post-thumbnail hentry categories-actualite categories-clubs-scientifiques categories-conference categories-ffsea categories-formation categories-vie-de-luniversite\">\n\t\t\t\t\t\t\t\t\t<div class=\"item-img\">\n\t                                \t<a href=\"https:\/\/webtv.univ-oran1.dz\/?video=linux-%d8%a7%d9%84%d9%85%d8%af%d8%b1%d8%b3%d8%a9-%d8%a7%d9%84%d8%b4%d8%aa%d9%88%d9%8a%d8%a9%d9%88%d8%a7%d9%84%d8%a8%d8%b1%d9%85%d8%ac%d9%8a%d8%a7%d8%aa-%d8%a7%d9%84%d8%ad%d8%b1%d8%a9-%d9%84%d9%81\">\n\t\t\t\t\t\t\t\t\t\t\t<img width=\"360\" height=\"240\" src=\"https:\/\/webtv.univ-oran1.dz\/wp-content\/uploads\/2025\/01\/linux_winter_2025-360x240.png\" class=\"img-responsive wp-post-image\" alt=\"\" loading=\"lazy\" srcset=\"https:\/\/webtv.univ-oran1.dz\/wp-content\/uploads\/2025\/01\/linux_winter_2025-360x240.png 360w, https:\/\/webtv.univ-oran1.dz\/wp-content\/uploads\/2025\/01\/linux_winter_2025-295x197.png 295w\" sizes=\"(max-width: 360px) 100vw, 360px\" \/>\t                                \t<\/a>\t\t\t\t\t\t\t\t\t\n\t\t\t\t\t\t\t\t\t\t\t\t\t\t\t\t\t\t\t\t<a href=\"https:\/\/webtv.univ-oran1.dz\/?video=linux-%d8%a7%d9%84%d9%85%d8%af%d8%b1%d8%b3%d8%a9-%d8%a7%d9%84%d8%b4%d8%aa%d9%88%d9%8a%d8%a9%d9%88%d8%a7%d9%84%d8%a8%d8%b1%d9%85%d8%ac%d9%8a%d8%a7%d8%aa-%d8%a7%d9%84%d8%ad%d8%b1%d8%a9-%d9%84%d9%81\"><div class=\"img-hover\"><\/div><\/a>\n\t\t\t\t\t\t\t\t\t<\/div>\n\t\t\t\t\t\t\t\t\t<div class=\"post-header\">\n\t\t\t\t\t\t\t\t\t\t<h3 class=\"post-title h2\"><a href=\"https:\/\/webtv.univ-oran1.dz\/?video=linux-%d8%a7%d9%84%d9%85%d8%af%d8%b1%d8%b3%d8%a9-%d8%a7%d9%84%d8%b4%d8%aa%d9%88%d9%8a%d8%a9%d9%88%d8%a7%d9%84%d8%a8%d8%b1%d9%85%d8%ac%d9%8a%d8%a7%d8%aa-%d8%a7%d9%84%d8%ad%d8%b1%d8%a9-%d9%84%d9%81\">Linux \u0627\u0644\u0645\u062f\u0631\u0633\u0629 \u0627\u0644\u0634\u062a\u0648\u064a\u0629\u0648\u0627\u0644\u0628\u0631\u0645\u062c\u064a\u0627\u062a \u0627\u0644\u062d\u0631\u0629 \u0644\u0641\u0627\u0626\u062f\u0629 \u0637\u0644\u0628\u0629 \u0627\u0644\u062f\u0643\u062a\u0648\u0631\u0627\u0647<\/a><\/h3>\n\t\t\t\t\t\t\t\t\t\t\t\t\t\t\t\t\t\t\t\t\t\r\n\t\t\t<div class=\"meta\"><span class=\"date\">1 year ago<\/span><span class=\"views\"><i class=\"fa fa-eye\"><\/i>409<\/span><span class=\"heart\"><i class=\"fa fa-thumbs-up\"><\/i>0<\/span>\r\n\t\t\t\t\t<span class=\"fcomments\"><i class=\"fa fa-comments\"><\/i>0<\/span>\r\n\t\t\t\t\r\n\t\t\t<\/div>\r\n\t\t\t\t\t\t\t\t\t\t\t\t\t\t\t\t\t\t\t\t\t\t\n\t\t\t\t\t\t\t\t\t\t\t\t\t\t\t\t\t\t\t<\/div>\n\t\t\t\t\t\t\t\t<\/article>\n\t\t\t\t\t\t\t<\/div>\n\t\t\t\t\t\t\t\t\t\t\t\t\t<div class=\"col-xl-3 col-lg-3 col-md-6 col-12 item responsive-height post\">\n\t\t\t\t\t\t\t\t<article class=\"post-4266 video type-video status-publish format-standard has-post-thumbnail hentry categories-actualite categories-vie-de-luniversite\">\n\t\t\t\t\t\t\t\t\t<div class=\"item-img\">\n\t                                \t<a href=\"https:\/\/webtv.univ-oran1.dz\/?video=the-visit-mrs-marivi-perez-mateo-professor-at-alicante-university-spain-to-oran-1-university\">\n\t\t\t\t\t\t\t\t\t\t\t<img width=\"360\" height=\"240\" src=\"https:\/\/webtv.univ-oran1.dz\/wp-content\/uploads\/2024\/12\/alicante-university-360x240.jpg\" class=\"img-responsive wp-post-image\" alt=\"\" loading=\"lazy\" srcset=\"https:\/\/webtv.univ-oran1.dz\/wp-content\/uploads\/2024\/12\/alicante-university-360x240.jpg 360w, https:\/\/webtv.univ-oran1.dz\/wp-content\/uploads\/2024\/12\/alicante-university-295x197.jpg 295w\" sizes=\"(max-width: 360px) 100vw, 360px\" \/>\t                                \t<\/a>\t\t\t\t\t\t\t\t\t\n\t\t\t\t\t\t\t\t\t\t\t\t\t\t\t\t\t\t\t\t<a href=\"https:\/\/webtv.univ-oran1.dz\/?video=the-visit-mrs-marivi-perez-mateo-professor-at-alicante-university-spain-to-oran-1-university\"><div class=\"img-hover\"><\/div><\/a>\n\t\t\t\t\t\t\t\t\t<\/div>\n\t\t\t\t\t\t\t\t\t<div class=\"post-header\">\n\t\t\t\t\t\t\t\t\t\t<h3 class=\"post-title h2\"><a href=\"https:\/\/webtv.univ-oran1.dz\/?video=the-visit-mrs-marivi-perez-mateo-professor-at-alicante-university-spain-to-oran-1-university\">The visit Mrs marivi perez mateo professor at alicante university &#8211; spain to oran 1 university<\/a><\/h3>\n\t\t\t\t\t\t\t\t\t\t\t\t\t\t\t\t\t\t\t\t\t\r\n\t\t\t<div class=\"meta\"><span class=\"date\">1 year ago<\/span><span class=\"views\"><i class=\"fa fa-eye\"><\/i>493<\/span><span class=\"heart\"><i class=\"fa fa-thumbs-up\"><\/i>0<\/span>\r\n\t\t\t\t\t<span class=\"fcomments\"><i class=\"fa fa-comments\"><\/i>0<\/span>\r\n\t\t\t\t\r\n\t\t\t<\/div>\r\n\t\t\t\t\t\t\t\t\t\t\t\t\t\t\t\t\t\t\t\t\t\t\n\t\t\t\t\t\t\t\t\t\t\t\t\t\t\t\t\t\t\t<\/div>\n\t\t\t\t\t\t\t\t<\/article>\n\t\t\t\t\t\t\t<\/div>\n\t\t\t\t\t\t\t\t\t\t\t<\/div>\n\t\t\t\t<\/div>\n\t\t\t\t\t\t<nav class=\"posts-pagination my-3\"><ul class=\"pagination\"><li class=\"page-item\"><span aria-current=\"page\" class=\"page-numbers current\">1<\/span><\/li><li class=\"page-item\"><a class=\"page-numbers\" href=\"https:\/\/webtv.univ-oran1.dz\/index.php\/?paged=2&#038;rest_route=%2Fwp%2Fv2%2Fpages%2F2260\">2<\/a><\/li><li class=\"page-item\"><a class=\"page-numbers\" href=\"https:\/\/webtv.univ-oran1.dz\/index.php\/?paged=3&#038;rest_route=%2Fwp%2Fv2%2Fpages%2F2260\">3<\/a><\/li><li class=\"page-item\"><a class=\"next page-numbers\" href=\"https:\/\/webtv.univ-oran1.dz\/index.php\/?paged=2&#038;rest_route=%2Fwp%2Fv2%2Fpages%2F2260\">Next &rarr;<\/a><\/li><\/ul><\/nav><\/div><\/div>[\/vc_column][\/vc_row]<\/p>\n","protected":false},"excerpt":{"rendered":"<p>[vc_row][vc_column][\/vc_column][\/vc_row][vc_row][vc_column][\/vc_column][\/vc_row][vc_row][vc_column][\/vc_column][\/vc_row]<\/p>\n","protected":false},"author":1,"featured_media":0,"parent":0,"menu_order":0,"comment_status":"open","ping_status":"open","template":"tpl-page-builder.php","meta":[],"acf":[],"_links":{"self":[{"href":"https:\/\/webtv.univ-oran1.dz\/index.php?rest_route=\/wp\/v2\/pages\/2260"}],"collection":[{"href":"https:\/\/webtv.univ-oran1.dz\/index.php?rest_route=\/wp\/v2\/pages"}],"about":[{"href":"https:\/\/webtv.univ-oran1.dz\/index.php?rest_route=\/wp\/v2\/types\/page"}],"author":[{"embeddable":true,"href":"https:\/\/webtv.univ-oran1.dz\/index.php?rest_route=\/wp\/v2\/users\/1"}],"replies":[{"embeddable":true,"href":"https:\/\/webtv.univ-oran1.dz\/index.php?rest_route=%2Fwp%2Fv2%2Fcomments&post=2260"}],"version-history":[{"count":9,"href":"https:\/\/webtv.univ-oran1.dz\/index.php?rest_route=\/wp\/v2\/pages\/2260\/revisions"}],"predecessor-version":[{"id":4238,"href":"https:\/\/webtv.univ-oran1.dz\/index.php?rest_route=\/wp\/v2\/pages\/2260\/revisions\/4238"}],"wp:attachment":[{"href":"https:\/\/webtv.univ-oran1.dz\/index.php?rest_route=%2Fwp%2Fv2%2Fmedia&parent=2260"}],"curies":[{"name":"wp","href":"https:\/\/api.w.org\/{rel}","templated":true}]}}